{"id":4679,"date":"2024-01-04T14:53:25","date_gmt":"2024-01-04T13:53:25","guid":{"rendered":"https:\/\/test.time-for-kids.de\/juridisk-information\/"},"modified":"2024-01-31T10:54:29","modified_gmt":"2024-01-31T09:54:29","slug":"juridisk-information","status":"publish","type":"page","link":"https:\/\/test.time-for-kids.de\/da\/juridisk-information\/","title":{"rendered":"Juridisk information"},"content":{"rendered":"<p><div class=\"fusion-fullwidth fullwidth-box fusion-builder-row-1 fusion-flex-container has-pattern-background has-mask-background nonhundred-percent-fullwidth non-hundred-percent-height-scrolling\" style=\"--awb-border-radius-top-left:0px;--awb-border-radius-top-right:0px;--awb-border-radius-bottom-right:0px;--awb-border-radius-bottom-left:0px;--awb-flex-wrap:wrap;\" ><div class=\"fusion-builder-row fusion-row fusion-flex-align-items-flex-start fusion-flex-content-wrap\" style=\"max-width:1248px;margin-left: calc(-4% \/ 2 );margin-right: calc(-4% \/ 2 );\"><div class=\"fusion-layout-column fusion_builder_column fusion-builder-column-0 fusion_builder_column_1_1 1_1 fusion-flex-column\" style=\"--awb-bg-size:cover;--awb-width-large:100%;--awb-margin-top-large:0px;--awb-spacing-right-large:1.92%;--awb-margin-bottom-large:0px;--awb-spacing-left-large:1.92%;--awb-width-medium:100%;--awb-order-medium:0;--awb-spacing-right-medium:1.92%;--awb-spacing-left-medium:1.92%;--awb-width-small:100%;--awb-order-small:0;--awb-spacing-right-small:1.92%;--awb-spacing-left-small:1.92%;\"><div class=\"fusion-column-wrapper fusion-column-has-shadow fusion-flex-justify-content-flex-start fusion-content-layout-column\"><div class=\"fusion-title title fusion-title-1 fusion-title-text fusion-title-size-two\"><div class=\"title-sep-container title-sep-container-left fusion-no-large-visibility fusion-no-medium-visibility fusion-no-small-visibility\"><div class=\"title-sep sep- sep-solid\" style=\"border-color:var(--awb-color3);\"><\/div><\/div><span class=\"awb-title-spacer fusion-no-large-visibility fusion-no-medium-visibility fusion-no-small-visibility\"><\/span><h2 class=\"fusion-title-heading title-heading-left\" style=\"margin:0;\">Juridisk meddelelse og ansvarsfraskrivelse<span style=\"color: var(--awb-color4);\">.<\/span><\/h2><span class=\"awb-title-spacer\"><\/span><div class=\"title-sep-container title-sep-container-right\"><div class=\"title-sep sep- sep-solid\" style=\"border-color:var(--awb-color3);\"><\/div><\/div><\/div><div class=\"fusion-separator\" style=\"align-self: flex-start;margin-right:auto;margin-bottom:40px;width:100%;max-width:100px;\"><div class=\"fusion-separator-border sep-single sep-solid\" style=\"--awb-height:20px;--awb-amount:20px;--awb-sep-color:var(--awb-color4);border-color:var(--awb-color4);border-top-width:4px;\"><\/div><\/div><\/div><\/div><\/div><\/div><div class=\"fusion-fullwidth fullwidth-box fusion-builder-row-2 fusion-flex-container has-pattern-background has-mask-background nonhundred-percent-fullwidth non-hundred-percent-height-scrolling\" style=\"--awb-border-radius-top-left:0px;--awb-border-radius-top-right:0px;--awb-border-radius-bottom-right:0px;--awb-border-radius-bottom-left:0px;--awb-flex-wrap:wrap;\" ><div class=\"fusion-builder-row fusion-row fusion-flex-align-items-flex-start fusion-flex-content-wrap\" style=\"max-width:1248px;margin-left: calc(-4% \/ 2 );margin-right: calc(-4% \/ 2 );\"><div class=\"fusion-layout-column fusion_builder_column fusion-builder-column-1 fusion_builder_column_2_3 2_3 fusion-flex-column datenschutz\" style=\"--awb-bg-size:cover;--awb-width-large:66.666666666667%;--awb-margin-top-large:0px;--awb-spacing-right-large:2.88%;--awb-margin-bottom-large:0px;--awb-spacing-left-large:2.88%;--awb-width-medium:100%;--awb-order-medium:0;--awb-spacing-right-medium:1.92%;--awb-spacing-left-medium:1.92%;--awb-width-small:100%;--awb-order-small:0;--awb-spacing-right-small:1.92%;--awb-spacing-left-small:1.92%;\" data-motion-effects=\"[{&quot;type&quot;:&quot;&quot;,&quot;scroll_type&quot;:&quot;transition&quot;,&quot;scroll_direction&quot;:&quot;up&quot;,&quot;transition_speed&quot;:&quot;1&quot;,&quot;fade_type&quot;:&quot;in&quot;,&quot;scale_type&quot;:&quot;up&quot;,&quot;initial_scale&quot;:&quot;1&quot;,&quot;max_scale&quot;:&quot;1.5&quot;,&quot;min_scale&quot;:&quot;0.5&quot;,&quot;initial_rotate&quot;:&quot;0&quot;,&quot;end_rotate&quot;:&quot;30&quot;,&quot;initial_blur&quot;:&quot;0&quot;,&quot;end_blur&quot;:&quot;3&quot;,&quot;start_element&quot;:&quot;top&quot;,&quot;start_viewport&quot;:&quot;bottom&quot;,&quot;end_element&quot;:&quot;bottom&quot;,&quot;end_viewport&quot;:&quot;top&quot;,&quot;mouse_effect&quot;:&quot;track&quot;,&quot;mouse_effect_direction&quot;:&quot;opposite&quot;,&quot;mouse_effect_speed&quot;:&quot;2&quot;,&quot;infinite_animation&quot;:&quot;float&quot;,&quot;infinite_animation_speed&quot;:&quot;2&quot;}]\" data-scroll-devices=\"small-visibility,medium-visibility,large-visibility\"><div class=\"fusion-column-wrapper fusion-column-has-shadow fusion-flex-justify-content-flex-start fusion-content-layout-column\"><div class=\"fusion-title title fusion-title-2 fusion-title-text fusion-title-size-five\" style=\"--awb-text-color:#092933;--awb-font-size:28px;\"><div class=\"title-sep-container title-sep-container-left fusion-no-large-visibility fusion-no-medium-visibility fusion-no-small-visibility\"><div class=\"title-sep sep- sep-solid\" style=\"border-color:var(--awb-color3);\"><\/div><\/div><span class=\"awb-title-spacer fusion-no-large-visibility fusion-no-medium-visibility fusion-no-small-visibility\"><\/span><h5 class=\"fusion-title-heading title-heading-left\" style=\"margin:0;font-size:1em;\"><div id=\"Onlineangebotes\">I. Indholdet af online-tilbuddet<\/div><\/h5><span class=\"awb-title-spacer\"><\/span><div class=\"title-sep-container title-sep-container-right\"><div class=\"title-sep sep- sep-solid\" style=\"border-color:var(--awb-color3);\"><\/div><\/div><\/div><div class=\"fusion-text fusion-text-1\"><p>TIME for kids Informationstechnologien GmbH p\u00e5tager sig intet ansvar for aktualiteten, rigtigheden, fuldst\u00e6ndigheden og kvaliteten af de informationer, der stilles til r\u00e5dighed. Alle tilbud og oplysninger er med forbehold for \u00e6ndringer og er ikke bindende.<\/p>\n<p>Ansvarskrav er generelt udelukket, medmindre der er bevis for fors\u00e6t eller grov uagtsomhed fra TIME for kids Informationstechnologien GmbH&#8217;s side. I s\u00e6rdeleshed er TIME for kids Informationstechnologien GmbH ikke ansvarlig for skader som f\u00f8lge af handlinger, der er foretaget p\u00e5 grundlag af oplysninger p\u00e5 vores hjemmeside.<\/p>\n<\/div><div class=\"fusion-title title fusion-title-3 fusion-title-text fusion-title-size-five\" style=\"--awb-text-color:#092933;--awb-font-size:28px;\"><div class=\"title-sep-container title-sep-container-left fusion-no-large-visibility fusion-no-medium-visibility fusion-no-small-visibility\"><div class=\"title-sep sep- sep-solid\" style=\"border-color:var(--awb-color3);\"><\/div><\/div><span class=\"awb-title-spacer fusion-no-large-visibility fusion-no-medium-visibility fusion-no-small-visibility\"><\/span><h5 class=\"fusion-title-heading title-heading-left\" style=\"margin:0;font-size:1em;\"><div id=\"Verweise\">II Referencer og links<\/div><\/h5><span class=\"awb-title-spacer\"><\/span><div class=\"title-sep-container title-sep-container-right\"><div class=\"title-sep sep- sep-solid\" style=\"border-color:var(--awb-color3);\"><\/div><\/div><\/div><div class=\"fusion-text fusion-text-2\"><p>Links p\u00e5 TIME for kids Informationstechnologien GmbH&#8217;s sider henviser til publikationer, som ikke ligger inden for TIME for kids Informationstechnologien GmbH&#8217;s ansvarsomr\u00e5de. TIME for kids Informationstechnologien GmbH er kun ansvarlig for links, der ligger uden for TIME for kids Informationstechnologien GmbH&#8217;s ansvarsomr\u00e5de, hvis TIME for kids Informationstechnologien GmbH har kendskab til indholdet, og det ville v\u00e6re teknisk muligt og rimeligt for TIME for kids Informationstechnologien GmbH at forhindre brugen i tilf\u00e6lde af ulovligt indhold.<\/p>\n<p>Alle sider p\u00e5 TIME for kids Informationstechnologien GmbH&#8217;s websted, som der linkes til, er blevet kontrolleret for indhold fra starten og indeholdt p\u00e5 tidspunktet for linkningen ikke noget forbudt indhold, indhold, der er skadeligt for mindre\u00e5rige, indhold, der er skadeligt for udviklingen, eller juridisk eller moralsk tvivlsomt materiale. Det er ikke juridisk rimeligt, at vi konstant kontrollerer de sider, der linkes til, for ulovligt indhold p\u00e5 grund af deres foranderlighed.<\/p>\n<p>Kilder:<br \/>\nAG Berlin-Tiergarten af 30. juli 1997 (260 DS 857\/96);<br \/>\nL\u00fcbecks regering af 24. november 1998 (11 S 4\/98)<\/p>\n<\/div><div class=\"fusion-title title fusion-title-4 fusion-title-text fusion-title-size-five\" style=\"--awb-text-color:#092933;--awb-font-size:28px;\"><div class=\"title-sep-container title-sep-container-left fusion-no-large-visibility fusion-no-medium-visibility fusion-no-small-visibility\"><div class=\"title-sep sep- sep-solid\" style=\"border-color:var(--awb-color3);\"><\/div><\/div><span class=\"awb-title-spacer fusion-no-large-visibility fusion-no-medium-visibility fusion-no-small-visibility\"><\/span><h5 class=\"fusion-title-heading title-heading-left\" style=\"margin:0;font-size:1em;\"><div id=\"Titelschutz\">III Titelbeskyttelse<\/div><\/h5><span class=\"awb-title-spacer\"><\/span><div class=\"title-sep-container title-sep-container-right\"><div class=\"title-sep sep- sep-solid\" style=\"border-color:var(--awb-color3);\"><\/div><\/div><\/div><div class=\"fusion-text fusion-text-3 lizenz-titel\"><p>Med henvisning til \u00a7 5 stk. 3 MarkenG, Johannes Karl (aktion\u00e6r i<br \/>\nTIME for kids Informationstechnologien GmbH) g\u00f8r krav p\u00e5 titelbeskyttelse for<br \/>\n&#8220;<em>Uddannelse p\u00e5 internettet<\/em>&#8220;, &#8220;<em>Uddannelsesinternet med internetfilter<\/em>&#8220;, &#8220;<em>Uddannelsesinternet med integreret internetfilter<\/em>&#8220;, &#8220;<em>Uddannelsesinternet med ungdomsbeskyttelse<\/em>&#8220;, &#8220;<em>Uddannelsesinternet med integreret ungdomsbeskyttelse<\/em>&#8220;, &#8220;<em>Uddannelsesinternet med ungdomsbeskyttelsesfilter<\/em>&#8220;, &#8220;<em>Uddannelsesinternet med integreret ungdomsbeskyttelsesfilter<\/em>&#8220;, &#8220;<em>Uddannelsesinternet med ungdomsbeskyttelsesprogram<\/em>&#8220;, &#8220;<em>Uddannelsesinternet med integreret ungdomsbeskyttelsesprogram<\/em>&#8220;, &#8220;<em>Uddannelsesfremskridt i Baden-W\u00fcrttemberg<\/em>&#8220;, &#8220;<em>Bayern som centrum for uddannelsesm\u00e6ssige fremskridt<\/em>&#8220;, &#8220;<em>Berlin som centrum for fremskridt inden for uddannelse<\/em>&#8220;, &#8220;<em>Brandenburg som centrum for fremskridt inden for uddannelse<\/em>&#8220;, &#8220;<em>Bremen som centrum for uddannelsesm\u00e6ssige fremskridt<\/em>&#8220;, &#8220;<em>Hamborg som centrum for fremskridt inden for uddannelse<\/em>&#8220;, &#8220;Den <em>progressive uddannelsesstat Hessen<\/em>&#8220;, &#8220;<em>Mecklenburg-Vorpommern som centrum for fremskridt inden for uddannelse<\/em>&#8220;, &#8220;<em>Niedersachsen som centrum for fremskridt inden for uddannelse<\/em>&#8220;, &#8220;<em>Nordrhein-Westfalen som centrum for fremskridt inden for uddannelse<\/em>&#8220;, &#8220;<em>Rheinland-Pfalz som centrum for fremskridt inden for uddannelse<\/em>&#8220;, &#8220;<em>Saarland som centrum for fremskridt inden for uddannelse<\/em>&#8220;, &#8220;<em>Sachsen som centrum for fremskridt inden for uddannelse<\/em>&#8220;, &#8220;Fortschrittstr\u00e4ger Bildungsland <em>Sachsen-Anhalt<\/em>&#8220;, &#8220;<em>Fortschrittstr\u00e4ger Bildungsland Schleswig-Holstein<\/em>&#8220;, &#8220;Fortschrittstr\u00e4ger Bildungsland<em>Th\u00fcringen<\/em>&#8220;,<em>&#8220;Make the World Blue<\/em>&#8221; og<em>&#8220;Ameland-Gate<\/em>&#8220;.<\/p>\n<p>Ud over de s\u00e6rligt fremh\u00e6vede pr\u00e6sentationsformer for dette udtryk tager Karl titelbeskyttelse i alle stavem\u00e5der, pr\u00e6sentationsformer, variationer og skrifttyper for alle internetsider, internetapplikationer og internetprogrammer samt tjenester, radio, film og for alle stavem\u00e5der, ordkombinationer, grafiske designs, pr\u00e6sentationsformer, titelkombinationer for litteratur, billed-, lyd- og datab\u00e6rere af enhver art, trykte medier, softwareprodukter, filmtitler, tv, radio, audiovisuelle og digitale medier og netv\u00e6rk, internet, merchandising, trykte produkter af enhver art, cd-rom, cd-i, offline- og onlinetjenester, andre medier, konkurrencer, kongresser og events, alene og med eventuelle tilf\u00f8jelser for analoge titler, som enkelt- eller serietitler p\u00e5 alle sprog og analoge overs\u00e6ttelser.<\/p>\n<p>Hvis du \u00f8nsker at bruge en eller flere af ovenst\u00e5ende titler, bedes du kontakte os via e-mail p\u00e5 <strong><br \/>\n  <a title=\"kontakt(at)time-for-kids.de\">kontakt(at)time-for-kids.de<\/a><br \/>\n<\/strong> og fort\u00e6l os navnet p\u00e5 v\u00e6rktitlen og den tilsigtede anvendelse.<\/p>\n<\/div><\/div><\/div><div class=\"fusion-layout-column fusion_builder_column fusion-builder-column-2 fusion_builder_column_1_3 1_3 fusion-flex-column fusion-flex-align-self-flex-start\" style=\"--awb-bg-size:cover;--awb-width-large:33.333333333333%;--awb-margin-top-large:0px;--awb-spacing-right-large:5.76%;--awb-margin-bottom-large:0px;--awb-spacing-left-large:5.76%;--awb-width-medium:100%;--awb-order-medium:0;--awb-spacing-right-medium:1.92%;--awb-spacing-left-medium:1.92%;--awb-width-small:100%;--awb-order-small:0;--awb-spacing-right-small:1.92%;--awb-spacing-left-small:1.92%;\" data-motion-effects=\"[{&quot;type&quot;:&quot;&quot;,&quot;scroll_type&quot;:&quot;transition&quot;,&quot;scroll_direction&quot;:&quot;up&quot;,&quot;transition_speed&quot;:&quot;1&quot;,&quot;fade_type&quot;:&quot;in&quot;,&quot;scale_type&quot;:&quot;up&quot;,&quot;initial_scale&quot;:&quot;1&quot;,&quot;max_scale&quot;:&quot;1.5&quot;,&quot;min_scale&quot;:&quot;0.5&quot;,&quot;initial_rotate&quot;:&quot;0&quot;,&quot;end_rotate&quot;:&quot;30&quot;,&quot;initial_blur&quot;:&quot;0&quot;,&quot;end_blur&quot;:&quot;3&quot;,&quot;start_element&quot;:&quot;top&quot;,&quot;start_viewport&quot;:&quot;bottom&quot;,&quot;end_element&quot;:&quot;bottom&quot;,&quot;end_viewport&quot;:&quot;top&quot;,&quot;mouse_effect&quot;:&quot;track&quot;,&quot;mouse_effect_direction&quot;:&quot;opposite&quot;,&quot;mouse_effect_speed&quot;:&quot;2&quot;,&quot;infinite_animation&quot;:&quot;float&quot;,&quot;infinite_animation_speed&quot;:&quot;2&quot;}]\" data-scroll-devices=\"small-visibility,medium-visibility,large-visibility\"><div class=\"fusion-column-wrapper fusion-column-has-shadow fusion-flex-justify-content-flex-start fusion-content-layout-column\"><div class=\"fusion-title title fusion-title-5 fusion-title-text fusion-title-size-four\" style=\"--awb-text-color:#758195;--awb-margin-left:20px;\"><div class=\"title-sep-container title-sep-container-left fusion-no-large-visibility fusion-no-medium-visibility fusion-no-small-visibility\"><div class=\"title-sep sep- sep-solid\" style=\"border-color:var(--awb-color3);\"><\/div><\/div><span class=\"awb-title-spacer fusion-no-large-visibility fusion-no-medium-visibility fusion-no-small-visibility\"><\/span><h4 class=\"fusion-title-heading title-heading-left\" style=\"margin:0;\">Inhaltsangabe<\/h4><span class=\"awb-title-spacer\"><\/span><div class=\"title-sep-container title-sep-container-right\"><div class=\"title-sep sep- sep-solid\" style=\"border-color:var(--awb-color3);\"><\/div><\/div><\/div>\n<ol class=\"lizenz_right_menu\">\n \t<ol>\n \t<li><a href=\"#Onlineangebotes\">Indholdet af online-tilbuddet<\/a><\/li>\n \t<li><a href=\"#Verweise\">Referencer og links<\/a><\/li>\n \t<li><a href=\"#Titelschutz\">Titelbeskyttelse<\/a><\/li>\n<\/ol>\n<\/div><\/div><\/div><\/div><\/p>\n","protected":false},"excerpt":{"rendered":"","protected":false},"author":1,"featured_media":0,"parent":0,"menu_order":0,"comment_status":"closed","ping_status":"closed","template":"100-width.php","meta":{"footnotes":""},"class_list":["post-4679","page","type-page","status-publish","hentry"],"_links":{"self":[{"href":"https:\/\/test.time-for-kids.de\/da\/wp-json\/wp\/v2\/pages\/4679","targetHints":{"allow":["GET"]}}],"collection":[{"href":"https:\/\/test.time-for-kids.de\/da\/wp-json\/wp\/v2\/pages"}],"about":[{"href":"https:\/\/test.time-for-kids.de\/da\/wp-json\/wp\/v2\/types\/page"}],"author":[{"embeddable":true,"href":"https:\/\/test.time-for-kids.de\/da\/wp-json\/wp\/v2\/users\/1"}],"replies":[{"embeddable":true,"href":"https:\/\/test.time-for-kids.de\/da\/wp-json\/wp\/v2\/comments?post=4679"}],"version-history":[{"count":2,"href":"https:\/\/test.time-for-kids.de\/da\/wp-json\/wp\/v2\/pages\/4679\/revisions"}],"predecessor-version":[{"id":4700,"href":"https:\/\/test.time-for-kids.de\/da\/wp-json\/wp\/v2\/pages\/4679\/revisions\/4700"}],"wp:attachment":[{"href":"https:\/\/test.time-for-kids.de\/da\/wp-json\/wp\/v2\/media?parent=4679"}],"curies":[{"name":"wp","href":"https:\/\/api.w.org\/{rel}","templated":true}]}}