{"id":4705,"date":"2024-01-04T14:53:25","date_gmt":"2024-01-04T13:53:25","guid":{"rendered":"https:\/\/test.time-for-kids.de\/informacion-juridica\/"},"modified":"2024-01-31T10:54:29","modified_gmt":"2024-01-31T09:54:29","slug":"informacion-juridica","status":"publish","type":"page","link":"https:\/\/test.time-for-kids.de\/es\/informacion-juridica\/","title":{"rendered":"Informaci\u00f3n jur\u00eddica"},"content":{"rendered":"<p><div class=\"fusion-fullwidth fullwidth-box fusion-builder-row-1 fusion-flex-container has-pattern-background has-mask-background nonhundred-percent-fullwidth non-hundred-percent-height-scrolling\" style=\"--awb-border-radius-top-left:0px;--awb-border-radius-top-right:0px;--awb-border-radius-bottom-right:0px;--awb-border-radius-bottom-left:0px;--awb-flex-wrap:wrap;\" ><div class=\"fusion-builder-row fusion-row fusion-flex-align-items-flex-start fusion-flex-content-wrap\" style=\"max-width:1248px;margin-left: calc(-4% \/ 2 );margin-right: calc(-4% \/ 2 );\"><div class=\"fusion-layout-column fusion_builder_column fusion-builder-column-0 fusion_builder_column_1_1 1_1 fusion-flex-column\" style=\"--awb-bg-size:cover;--awb-width-large:100%;--awb-margin-top-large:0px;--awb-spacing-right-large:1.92%;--awb-margin-bottom-large:0px;--awb-spacing-left-large:1.92%;--awb-width-medium:100%;--awb-order-medium:0;--awb-spacing-right-medium:1.92%;--awb-spacing-left-medium:1.92%;--awb-width-small:100%;--awb-order-small:0;--awb-spacing-right-small:1.92%;--awb-spacing-left-small:1.92%;\"><div class=\"fusion-column-wrapper fusion-column-has-shadow fusion-flex-justify-content-flex-start fusion-content-layout-column\"><div class=\"fusion-title title fusion-title-1 fusion-title-text fusion-title-size-two\"><div class=\"title-sep-container title-sep-container-left fusion-no-large-visibility fusion-no-medium-visibility fusion-no-small-visibility\"><div class=\"title-sep sep- sep-solid\" style=\"border-color:var(--awb-color3);\"><\/div><\/div><span class=\"awb-title-spacer fusion-no-large-visibility fusion-no-medium-visibility fusion-no-small-visibility\"><\/span><h2 class=\"fusion-title-heading title-heading-left\" style=\"margin:0;\">Aviso legal y cl\u00e1usula de exenci\u00f3n de responsabilidad<span style=\"color: var(--awb-color4);\">.<\/span><\/h2><span class=\"awb-title-spacer\"><\/span><div class=\"title-sep-container title-sep-container-right\"><div class=\"title-sep sep- sep-solid\" style=\"border-color:var(--awb-color3);\"><\/div><\/div><\/div><div class=\"fusion-separator\" style=\"align-self: flex-start;margin-right:auto;margin-bottom:40px;width:100%;max-width:100px;\"><div class=\"fusion-separator-border sep-single sep-solid\" style=\"--awb-height:20px;--awb-amount:20px;--awb-sep-color:var(--awb-color4);border-color:var(--awb-color4);border-top-width:4px;\"><\/div><\/div><\/div><\/div><\/div><\/div><div class=\"fusion-fullwidth fullwidth-box fusion-builder-row-2 fusion-flex-container has-pattern-background has-mask-background nonhundred-percent-fullwidth non-hundred-percent-height-scrolling\" style=\"--awb-border-radius-top-left:0px;--awb-border-radius-top-right:0px;--awb-border-radius-bottom-right:0px;--awb-border-radius-bottom-left:0px;--awb-flex-wrap:wrap;\" ><div class=\"fusion-builder-row fusion-row fusion-flex-align-items-flex-start fusion-flex-content-wrap\" style=\"max-width:1248px;margin-left: calc(-4% \/ 2 );margin-right: calc(-4% \/ 2 );\"><div class=\"fusion-layout-column fusion_builder_column fusion-builder-column-1 fusion_builder_column_2_3 2_3 fusion-flex-column datenschutz\" style=\"--awb-bg-size:cover;--awb-width-large:66.666666666667%;--awb-margin-top-large:0px;--awb-spacing-right-large:2.88%;--awb-margin-bottom-large:0px;--awb-spacing-left-large:2.88%;--awb-width-medium:100%;--awb-order-medium:0;--awb-spacing-right-medium:1.92%;--awb-spacing-left-medium:1.92%;--awb-width-small:100%;--awb-order-small:0;--awb-spacing-right-small:1.92%;--awb-spacing-left-small:1.92%;\" data-motion-effects=\"[{&quot;type&quot;:&quot;&quot;,&quot;scroll_type&quot;:&quot;transition&quot;,&quot;scroll_direction&quot;:&quot;up&quot;,&quot;transition_speed&quot;:&quot;1&quot;,&quot;fade_type&quot;:&quot;in&quot;,&quot;scale_type&quot;:&quot;up&quot;,&quot;initial_scale&quot;:&quot;1&quot;,&quot;max_scale&quot;:&quot;1.5&quot;,&quot;min_scale&quot;:&quot;0.5&quot;,&quot;initial_rotate&quot;:&quot;0&quot;,&quot;end_rotate&quot;:&quot;30&quot;,&quot;initial_blur&quot;:&quot;0&quot;,&quot;end_blur&quot;:&quot;3&quot;,&quot;start_element&quot;:&quot;top&quot;,&quot;start_viewport&quot;:&quot;bottom&quot;,&quot;end_element&quot;:&quot;bottom&quot;,&quot;end_viewport&quot;:&quot;top&quot;,&quot;mouse_effect&quot;:&quot;track&quot;,&quot;mouse_effect_direction&quot;:&quot;opposite&quot;,&quot;mouse_effect_speed&quot;:&quot;2&quot;,&quot;infinite_animation&quot;:&quot;float&quot;,&quot;infinite_animation_speed&quot;:&quot;2&quot;}]\" data-scroll-devices=\"small-visibility,medium-visibility,large-visibility\"><div class=\"fusion-column-wrapper fusion-column-has-shadow fusion-flex-justify-content-flex-start fusion-content-layout-column\"><div class=\"fusion-title title fusion-title-2 fusion-title-text fusion-title-size-five\" style=\"--awb-text-color:#092933;--awb-font-size:28px;\"><div class=\"title-sep-container title-sep-container-left fusion-no-large-visibility fusion-no-medium-visibility fusion-no-small-visibility\"><div class=\"title-sep sep- sep-solid\" style=\"border-color:var(--awb-color3);\"><\/div><\/div><span class=\"awb-title-spacer fusion-no-large-visibility fusion-no-medium-visibility fusion-no-small-visibility\"><\/span><h5 class=\"fusion-title-heading title-heading-left\" style=\"margin:0;font-size:1em;\"><div id=\"Onlineangebotes\">I. Contenido de la oferta en l\u00ednea<\/div><\/h5><span class=\"awb-title-spacer\"><\/span><div class=\"title-sep-container title-sep-container-right\"><div class=\"title-sep sep- sep-solid\" style=\"border-color:var(--awb-color3);\"><\/div><\/div><\/div><div class=\"fusion-text fusion-text-1\"><p>TIME for kids Informationstechnologien GmbH no asume ninguna responsabilidad por la actualidad, exactitud, integridad y calidad de la informaci\u00f3n facilitada. Todas las ofertas e informaci\u00f3n est\u00e1n sujetas a cambios y no son vinculantes.<\/p>\n<p>Por regla general, se excluye cualquier reclamaci\u00f3n de responsabilidad, a no ser que se demuestre dolo o negligencia grave por parte de TIME for kids Informationstechnologien GmbH. En particular, TIME for kids Informationstechnologien GmbH no se hace responsable de los da\u00f1os resultantes de acciones tomadas en base a la informaci\u00f3n contenida en nuestra p\u00e1gina web.<\/p>\n<\/div><div class=\"fusion-title title fusion-title-3 fusion-title-text fusion-title-size-five\" style=\"--awb-text-color:#092933;--awb-font-size:28px;\"><div class=\"title-sep-container title-sep-container-left fusion-no-large-visibility fusion-no-medium-visibility fusion-no-small-visibility\"><div class=\"title-sep sep- sep-solid\" style=\"border-color:var(--awb-color3);\"><\/div><\/div><span class=\"awb-title-spacer fusion-no-large-visibility fusion-no-medium-visibility fusion-no-small-visibility\"><\/span><h5 class=\"fusion-title-heading title-heading-left\" style=\"margin:0;font-size:1em;\"><div id=\"Verweise\">II Referencias y enlaces<\/div><\/h5><span class=\"awb-title-spacer\"><\/span><div class=\"title-sep-container title-sep-container-right\"><div class=\"title-sep sep- sep-solid\" style=\"border-color:var(--awb-color3);\"><\/div><\/div><\/div><div class=\"fusion-text fusion-text-2\"><p>Los enlaces que aparecen en las p\u00e1ginas de TIME for kids Informationstechnologien GmbH remiten a publicaciones que no son de su competencia. TIME for kids Informationstechnologien GmbH s\u00f3lo se hace responsable de los enlaces que se encuentren fuera del \u00e1mbito de responsabilidad de TIME for kids Informationstechnologien GmbH si tiene conocimiento de los contenidos y fuera t\u00e9cnicamente posible y razonable para TIME for kids Informationstechnologien GmbH impedir el uso en caso de contenidos ilegales.<\/p>\n<p>Todas las p\u00e1ginas del sitio web de TIME for kids Informationstechnologien GmbH a las que se enlaza han sido sometidas a un control previo de contenidos y en el momento de establecer el enlace no conten\u00edan contenidos prohibidos, contenidos perjudiciales para menores, contenidos perjudiciales para el desarrollo o material legal o moralmente cuestionable. No es legalmente razonable que comprobemos constantemente las p\u00e1ginas a las que se han colocado enlaces en busca de contenido ilegal debido a su car\u00e1cter cambiante.<\/p>\n<p>Fuentes:<br \/>\nAG Berlin-Tiergarten de 30 de julio de 1997 (260 DS 857\/96);<br \/>\nLG L\u00fcbeck de 24 de noviembre de 1998 (11 S 4\/98)<\/p>\n<\/div><div class=\"fusion-title title fusion-title-4 fusion-title-text fusion-title-size-five\" style=\"--awb-text-color:#092933;--awb-font-size:28px;\"><div class=\"title-sep-container title-sep-container-left fusion-no-large-visibility fusion-no-medium-visibility fusion-no-small-visibility\"><div class=\"title-sep sep- sep-solid\" style=\"border-color:var(--awb-color3);\"><\/div><\/div><span class=\"awb-title-spacer fusion-no-large-visibility fusion-no-medium-visibility fusion-no-small-visibility\"><\/span><h5 class=\"fusion-title-heading title-heading-left\" style=\"margin:0;font-size:1em;\"><div id=\"Titelschutz\">III Protecci\u00f3n del t\u00edtulo<\/div><\/h5><span class=\"awb-title-spacer\"><\/span><div class=\"title-sep-container title-sep-container-right\"><div class=\"title-sep sep- sep-solid\" style=\"border-color:var(--awb-color3);\"><\/div><\/div><\/div><div class=\"fusion-text fusion-text-3 lizenz-titel\"><p>Con referencia al \u00a7 5 p\u00e1rr. 3 MarkenG, Sr. Johannes Karl (accionista de<br \/>\nTIME for kids Informationstechnologien GmbH) reclama la protecci\u00f3n de la titularidad de<br \/>\n\u00ab<em>Educaci\u00f3n Internet<\/em>\u00ab, \u00ab<em>Internet educativo con filtro de Internet<\/em>\u00ab, \u00ab<em>Internet educativo con filtro de Internet integrado<\/em>\u00ab, \u00ab<em>Internet educativo con protecci\u00f3n de menores<\/em>\u00ab, \u00ab<em>Internet educativo con protecci\u00f3n integrada de la<\/em>juventud\u00bb, \u00ab<em>Internet educativo con filtro de protecci\u00f3n<\/em>juvenil\u00bb, \u00ab<em>Internet educativo con filtro de protecci\u00f3n juvenil integrado<\/em>\u00ab, \u00ab<em>Internet educativo con el programa de protecci\u00f3n de la<\/em>juventud\u00bb, \u00ab<em>Internet educativo con un programa integrado de protecci\u00f3n de la<\/em>juventud\u00bb, \u00ab<em>Progreso educativo en Baden-W\u00fcrttemberg<\/em>\u00ab, \u00ab<em>Baviera como centro de progreso educativo<\/em>\u00ab, \u00ab<em>Berl\u00edn como centro de progreso en educaci\u00f3n<\/em>\u00ab, \u00ab<em>Brandeburgo como centro de progreso en educaci\u00f3n<\/em>\u00ab, \u00ab<em>Bremen como centro de progreso educativo<\/em>\u00ab, \u00ab<em>Hamburgo como centro de progreso en educaci\u00f3n<\/em>\u00ab, \u00ab<em>Estado federado de Hesse en materia de educaci\u00f3n Progress Carrier<\/em>\u00ab, \u00ab<em>Mecklemburgo-Pomerania Occidental como centro de progreso en educaci\u00f3n<\/em>\u00ab, \u00ab<em>Baja Sajonia como centro de progreso en educaci\u00f3n<\/em>\u00ab, \u00ab<em>Renania del Norte-Westfalia como centro de progreso en educaci\u00f3n<\/em>\u00ab, \u00ab<em>Renania-Palatinado como centro de progreso en educaci\u00f3n<\/em>\u00ab, \u00abEl <em>Sarre como centro de progreso en educaci\u00f3n<\/em>\u00ab, \u00ab<em>Sajonia como centro de progreso en educaci\u00f3n<\/em>\u00ab, \u00abFortschrittstr\u00e4ger Bildungsland <em>Sachsen-Anhalt<\/em>\u00ab, \u00ab<em>Fortschrittstr\u00e4ger Bildungsland Schleswig-Holstein<\/em>\u00ab,<em>\u00abFortschrittstr\u00e4ger Bildungsland Th\u00fcringen<\/em>\u00ab,<em>\u00abMake the World Blue<\/em>\u00bb y<em>\u00abAmeland-Gate<\/em>\u00ab.<\/p>\n<p>Aparte de las formas de presentaci\u00f3n especialmente destacadas para este t\u00e9rmino, el Sr. Karl asume la protecci\u00f3n de t\u00edtulos en todas las graf\u00edas, formas de presentaci\u00f3n, variaciones y tipos de letra para todas las p\u00e1ginas de Internet, aplicaciones de Internet y programas de Internet, as\u00ed como servicios, radio, cine y para todas las graf\u00edas, combinaciones de palabras, dise\u00f1os gr\u00e1ficos, formas de presentaci\u00f3n, combinaciones de t\u00edtulos para literatura, imagen, sonido y soportes de datos de todo tipo, medios impresos, productos de software, t\u00edtulos de pel\u00edculas, televisi\u00f3n, radio, medios y redes audiovisuales y digitales, Internet, merchandising, productos impresos de todo tipo, CD-ROM, CD-I, servicios offline y online, otros medios, concursos, congresos y eventos, solos y con cualquier a\u00f1adido para t\u00edtulos an\u00e1logos, como t\u00edtulos individuales o en serie en todos los idiomas y traducciones an\u00e1logas.<\/p>\n<p>Si desea utilizar uno o varios de los t\u00edtulos de obras anteriores, p\u00f3ngase en contacto con nosotros por correo electr\u00f3nico en la direcci\u00f3n <strong><br \/>\n  <a title=\"contact(at)time-for-kids.de\">contact(at)time-for-kids.de<\/a><br \/>\n<\/strong> e ind\u00edquenos el nombre del t\u00edtulo de la obra y el uso previsto correspondiente.<\/p>\n<\/div><\/div><\/div><div class=\"fusion-layout-column fusion_builder_column fusion-builder-column-2 fusion_builder_column_1_3 1_3 fusion-flex-column fusion-flex-align-self-flex-start\" style=\"--awb-bg-size:cover;--awb-width-large:33.333333333333%;--awb-margin-top-large:0px;--awb-spacing-right-large:5.76%;--awb-margin-bottom-large:0px;--awb-spacing-left-large:5.76%;--awb-width-medium:100%;--awb-order-medium:0;--awb-spacing-right-medium:1.92%;--awb-spacing-left-medium:1.92%;--awb-width-small:100%;--awb-order-small:0;--awb-spacing-right-small:1.92%;--awb-spacing-left-small:1.92%;\" data-motion-effects=\"[{&quot;type&quot;:&quot;&quot;,&quot;scroll_type&quot;:&quot;transition&quot;,&quot;scroll_direction&quot;:&quot;up&quot;,&quot;transition_speed&quot;:&quot;1&quot;,&quot;fade_type&quot;:&quot;in&quot;,&quot;scale_type&quot;:&quot;up&quot;,&quot;initial_scale&quot;:&quot;1&quot;,&quot;max_scale&quot;:&quot;1.5&quot;,&quot;min_scale&quot;:&quot;0.5&quot;,&quot;initial_rotate&quot;:&quot;0&quot;,&quot;end_rotate&quot;:&quot;30&quot;,&quot;initial_blur&quot;:&quot;0&quot;,&quot;end_blur&quot;:&quot;3&quot;,&quot;start_element&quot;:&quot;top&quot;,&quot;start_viewport&quot;:&quot;bottom&quot;,&quot;end_element&quot;:&quot;bottom&quot;,&quot;end_viewport&quot;:&quot;top&quot;,&quot;mouse_effect&quot;:&quot;track&quot;,&quot;mouse_effect_direction&quot;:&quot;opposite&quot;,&quot;mouse_effect_speed&quot;:&quot;2&quot;,&quot;infinite_animation&quot;:&quot;float&quot;,&quot;infinite_animation_speed&quot;:&quot;2&quot;}]\" data-scroll-devices=\"small-visibility,medium-visibility,large-visibility\"><div class=\"fusion-column-wrapper fusion-column-has-shadow fusion-flex-justify-content-flex-start fusion-content-layout-column\"><div class=\"fusion-title title fusion-title-5 fusion-title-text fusion-title-size-four\" style=\"--awb-text-color:#758195;--awb-margin-left:20px;\"><div class=\"title-sep-container title-sep-container-left fusion-no-large-visibility fusion-no-medium-visibility fusion-no-small-visibility\"><div class=\"title-sep sep- sep-solid\" style=\"border-color:var(--awb-color3);\"><\/div><\/div><span class=\"awb-title-spacer fusion-no-large-visibility fusion-no-medium-visibility fusion-no-small-visibility\"><\/span><h4 class=\"fusion-title-heading title-heading-left\" style=\"margin:0;\">Inhaltsangabe<\/h4><span class=\"awb-title-spacer\"><\/span><div class=\"title-sep-container title-sep-container-right\"><div class=\"title-sep sep- sep-solid\" style=\"border-color:var(--awb-color3);\"><\/div><\/div><\/div>\n<ol class=\"lizenz_right_menu\">\n \t<ol>\n \t<li><a href=\"#Onlineangebotes\">Contenido de la oferta en l\u00ednea<\/a><\/li>\n \t<li><a href=\"#Verweise\">Referencias y enlaces<\/a><\/li>\n \t<li><a href=\"#Titelschutz\">Protecci\u00f3n del t\u00edtulo<\/a><\/li>\n<\/ol>\n<\/div><\/div><\/div><\/div><\/p>\n","protected":false},"excerpt":{"rendered":"","protected":false},"author":1,"featured_media":0,"parent":0,"menu_order":0,"comment_status":"closed","ping_status":"closed","template":"100-width.php","meta":{"footnotes":""},"class_list":["post-4705","page","type-page","status-publish","hentry"],"_links":{"self":[{"href":"https:\/\/test.time-for-kids.de\/es\/wp-json\/wp\/v2\/pages\/4705","targetHints":{"allow":["GET"]}}],"collection":[{"href":"https:\/\/test.time-for-kids.de\/es\/wp-json\/wp\/v2\/pages"}],"about":[{"href":"https:\/\/test.time-for-kids.de\/es\/wp-json\/wp\/v2\/types\/page"}],"author":[{"embeddable":true,"href":"https:\/\/test.time-for-kids.de\/es\/wp-json\/wp\/v2\/users\/1"}],"replies":[{"embeddable":true,"href":"https:\/\/test.time-for-kids.de\/es\/wp-json\/wp\/v2\/comments?post=4705"}],"version-history":[{"count":2,"href":"https:\/\/test.time-for-kids.de\/es\/wp-json\/wp\/v2\/pages\/4705\/revisions"}],"predecessor-version":[{"id":4719,"href":"https:\/\/test.time-for-kids.de\/es\/wp-json\/wp\/v2\/pages\/4705\/revisions\/4719"}],"wp:attachment":[{"href":"https:\/\/test.time-for-kids.de\/es\/wp-json\/wp\/v2\/media?parent=4705"}],"curies":[{"name":"wp","href":"https:\/\/api.w.org\/{rel}","templated":true}]}}