{"id":4730,"date":"2024-01-04T14:53:25","date_gmt":"2024-01-04T13:53:25","guid":{"rendered":"https:\/\/test.time-for-kids.de\/mentions-legales-2\/"},"modified":"2024-01-31T10:54:29","modified_gmt":"2024-01-31T09:54:29","slug":"mentions-legales-2","status":"publish","type":"page","link":"https:\/\/test.time-for-kids.de\/fr\/mentions-legales-2\/","title":{"rendered":"Mentions l\u00e9gales"},"content":{"rendered":"<p><div class=\"fusion-fullwidth fullwidth-box fusion-builder-row-1 fusion-flex-container has-pattern-background has-mask-background nonhundred-percent-fullwidth non-hundred-percent-height-scrolling\" style=\"--awb-border-radius-top-left:0px;--awb-border-radius-top-right:0px;--awb-border-radius-bottom-right:0px;--awb-border-radius-bottom-left:0px;--awb-flex-wrap:wrap;\" ><div class=\"fusion-builder-row fusion-row fusion-flex-align-items-flex-start fusion-flex-content-wrap\" style=\"max-width:1248px;margin-left: calc(-4% \/ 2 );margin-right: calc(-4% \/ 2 );\"><div class=\"fusion-layout-column fusion_builder_column fusion-builder-column-0 fusion_builder_column_1_1 1_1 fusion-flex-column\" style=\"--awb-bg-size:cover;--awb-width-large:100%;--awb-margin-top-large:0px;--awb-spacing-right-large:1.92%;--awb-margin-bottom-large:0px;--awb-spacing-left-large:1.92%;--awb-width-medium:100%;--awb-order-medium:0;--awb-spacing-right-medium:1.92%;--awb-spacing-left-medium:1.92%;--awb-width-small:100%;--awb-order-small:0;--awb-spacing-right-small:1.92%;--awb-spacing-left-small:1.92%;\"><div class=\"fusion-column-wrapper fusion-column-has-shadow fusion-flex-justify-content-flex-start fusion-content-layout-column\"><div class=\"fusion-title title fusion-title-1 fusion-title-text fusion-title-size-two\"><div class=\"title-sep-container title-sep-container-left fusion-no-large-visibility fusion-no-medium-visibility fusion-no-small-visibility\"><div class=\"title-sep sep- sep-solid\" style=\"border-color:var(--awb-color3);\"><\/div><\/div><span class=\"awb-title-spacer fusion-no-large-visibility fusion-no-medium-visibility fusion-no-small-visibility\"><\/span><h2 class=\"fusion-title-heading title-heading-left\" style=\"margin:0;\">Mentions l\u00e9gales et clause de non-responsabilit\u00e9<span style=\"color: var(--awb-color4);\">.<\/span><\/h2><span class=\"awb-title-spacer\"><\/span><div class=\"title-sep-container title-sep-container-right\"><div class=\"title-sep sep- sep-solid\" style=\"border-color:var(--awb-color3);\"><\/div><\/div><\/div><div class=\"fusion-separator\" style=\"align-self: flex-start;margin-right:auto;margin-bottom:40px;width:100%;max-width:100px;\"><div class=\"fusion-separator-border sep-single sep-solid\" style=\"--awb-height:20px;--awb-amount:20px;--awb-sep-color:var(--awb-color4);border-color:var(--awb-color4);border-top-width:4px;\"><\/div><\/div><\/div><\/div><\/div><\/div><div class=\"fusion-fullwidth fullwidth-box fusion-builder-row-2 fusion-flex-container has-pattern-background has-mask-background nonhundred-percent-fullwidth non-hundred-percent-height-scrolling\" style=\"--awb-border-radius-top-left:0px;--awb-border-radius-top-right:0px;--awb-border-radius-bottom-right:0px;--awb-border-radius-bottom-left:0px;--awb-flex-wrap:wrap;\" ><div class=\"fusion-builder-row fusion-row fusion-flex-align-items-flex-start fusion-flex-content-wrap\" style=\"max-width:1248px;margin-left: calc(-4% \/ 2 );margin-right: calc(-4% \/ 2 );\"><div class=\"fusion-layout-column fusion_builder_column fusion-builder-column-1 fusion_builder_column_2_3 2_3 fusion-flex-column datenschutz\" style=\"--awb-bg-size:cover;--awb-width-large:66.666666666667%;--awb-margin-top-large:0px;--awb-spacing-right-large:2.88%;--awb-margin-bottom-large:0px;--awb-spacing-left-large:2.88%;--awb-width-medium:100%;--awb-order-medium:0;--awb-spacing-right-medium:1.92%;--awb-spacing-left-medium:1.92%;--awb-width-small:100%;--awb-order-small:0;--awb-spacing-right-small:1.92%;--awb-spacing-left-small:1.92%;\" data-motion-effects=\"[{&quot;type&quot;:&quot;&quot;,&quot;scroll_type&quot;:&quot;transition&quot;,&quot;scroll_direction&quot;:&quot;up&quot;,&quot;transition_speed&quot;:&quot;1&quot;,&quot;fade_type&quot;:&quot;in&quot;,&quot;scale_type&quot;:&quot;up&quot;,&quot;initial_scale&quot;:&quot;1&quot;,&quot;max_scale&quot;:&quot;1.5&quot;,&quot;min_scale&quot;:&quot;0.5&quot;,&quot;initial_rotate&quot;:&quot;0&quot;,&quot;end_rotate&quot;:&quot;30&quot;,&quot;initial_blur&quot;:&quot;0&quot;,&quot;end_blur&quot;:&quot;3&quot;,&quot;start_element&quot;:&quot;top&quot;,&quot;start_viewport&quot;:&quot;bottom&quot;,&quot;end_element&quot;:&quot;bottom&quot;,&quot;end_viewport&quot;:&quot;top&quot;,&quot;mouse_effect&quot;:&quot;track&quot;,&quot;mouse_effect_direction&quot;:&quot;opposite&quot;,&quot;mouse_effect_speed&quot;:&quot;2&quot;,&quot;infinite_animation&quot;:&quot;float&quot;,&quot;infinite_animation_speed&quot;:&quot;2&quot;}]\" data-scroll-devices=\"small-visibility,medium-visibility,large-visibility\"><div class=\"fusion-column-wrapper fusion-column-has-shadow fusion-flex-justify-content-flex-start fusion-content-layout-column\"><div class=\"fusion-title title fusion-title-2 fusion-title-text fusion-title-size-five\" style=\"--awb-text-color:#092933;--awb-font-size:28px;\"><div class=\"title-sep-container title-sep-container-left fusion-no-large-visibility fusion-no-medium-visibility fusion-no-small-visibility\"><div class=\"title-sep sep- sep-solid\" style=\"border-color:var(--awb-color3);\"><\/div><\/div><span class=\"awb-title-spacer fusion-no-large-visibility fusion-no-medium-visibility fusion-no-small-visibility\"><\/span><h5 class=\"fusion-title-heading title-heading-left\" style=\"margin:0;font-size:1em;\"><div id=\"Onlineangebotes\">I. Contenu de l&rsquo;offre en ligne<\/div><\/h5><span class=\"awb-title-spacer\"><\/span><div class=\"title-sep-container title-sep-container-right\"><div class=\"title-sep sep- sep-solid\" style=\"border-color:var(--awb-color3);\"><\/div><\/div><\/div><div class=\"fusion-text fusion-text-1\"><p>TIME for kids Informationstechnologien GmbH n&rsquo;assume aucune responsabilit\u00e9 quant \u00e0 l&rsquo;actualit\u00e9, l&rsquo;exactitude, l&rsquo;exhaustivit\u00e9 et la qualit\u00e9 des informations mises \u00e0 disposition. Toutes les offres et informations sont sans engagement et non contractuelles.<\/p>\n<p>La responsabilit\u00e9 de TIME for kids Informationstechnologien GmbH ne peut \u00eatre engag\u00e9e qu&rsquo;en l&rsquo;absence de faute intentionnelle ou de n\u00e9gligence grave de sa part. TIME for kids Informationstechnologien GmbH n&rsquo;est notamment pas responsable des dommages r\u00e9sultant d&rsquo;actions entreprises \u00e0 partir des informations contenues dans nos pages web.<\/p>\n<\/div><div class=\"fusion-title title fusion-title-3 fusion-title-text fusion-title-size-five\" style=\"--awb-text-color:#092933;--awb-font-size:28px;\"><div class=\"title-sep-container title-sep-container-left fusion-no-large-visibility fusion-no-medium-visibility fusion-no-small-visibility\"><div class=\"title-sep sep- sep-solid\" style=\"border-color:var(--awb-color3);\"><\/div><\/div><span class=\"awb-title-spacer fusion-no-large-visibility fusion-no-medium-visibility fusion-no-small-visibility\"><\/span><h5 class=\"fusion-title-heading title-heading-left\" style=\"margin:0;font-size:1em;\"><div id=\"Verweise\">II. r\u00e9f\u00e9rences et liens<\/div><\/h5><span class=\"awb-title-spacer\"><\/span><div class=\"title-sep-container title-sep-container-right\"><div class=\"title-sep sep- sep-solid\" style=\"border-color:var(--awb-color3);\"><\/div><\/div><\/div><div class=\"fusion-text fusion-text-2\"><p>Les liens figurant sur les pages de TIME for kids Informationstechnologien GmbH renvoient \u00e0 des publications qui ne rel\u00e8vent pas de sa responsabilit\u00e9. Pour les liens qui ne rel\u00e8vent pas de la responsabilit\u00e9 de TIME for kids Informationstechnologien GmbH, celle-ci n&rsquo;est responsable que si elle a connaissance des contenus et qu&rsquo;il serait techniquement possible et raisonnable pour TIME for kids Informationstechnologien GmbH d&rsquo;en emp\u00eacher l&rsquo;utilisation en cas de contenus ill\u00e9gaux.<\/p>\n<p>Toutes les pages de l&rsquo;offre en ligne de TIME for kids Informationstechnologien GmbH auxquelles il est fait r\u00e9f\u00e9rence par des liens ont \u00e9t\u00e9 contr\u00f4l\u00e9es au d\u00e9part quant \u00e0 leur contenu et ne contenaient pas, au moment de la cr\u00e9ation du lien, de contenus interdits, dangereux pour la jeunesse ou nuisant au d\u00e9veloppement, ni de mat\u00e9riel douteux sur le plan juridique et moral. En raison de leur caract\u00e8re modifiable, il ne nous est pas possible d&rsquo;exiger un contr\u00f4le permanent des pages vers lesquelles des liens ont \u00e9t\u00e9 cr\u00e9\u00e9s afin de v\u00e9rifier si leur contenu est ill\u00e9gal.<\/p>\n<p>Sources :<br \/>\nAG Berlin-Tiergarten du 30.07.1997 (260 DS 857\/96) ;<br \/>\nLG L\u00fcbeck du 24.11.1998 (11 S 4\/98)<\/p>\n<\/div><div class=\"fusion-title title fusion-title-4 fusion-title-text fusion-title-size-five\" style=\"--awb-text-color:#092933;--awb-font-size:28px;\"><div class=\"title-sep-container title-sep-container-left fusion-no-large-visibility fusion-no-medium-visibility fusion-no-small-visibility\"><div class=\"title-sep sep- sep-solid\" style=\"border-color:var(--awb-color3);\"><\/div><\/div><span class=\"awb-title-spacer fusion-no-large-visibility fusion-no-medium-visibility fusion-no-small-visibility\"><\/span><h5 class=\"fusion-title-heading title-heading-left\" style=\"margin:0;font-size:1em;\"><div id=\"Titelschutz\">III Protection du titre<\/div><\/h5><span class=\"awb-title-spacer\"><\/span><div class=\"title-sep-container title-sep-container-right\"><div class=\"title-sep sep- sep-solid\" style=\"border-color:var(--awb-color3);\"><\/div><\/div><\/div><div class=\"fusion-text fusion-text-3 lizenz-titel\"><p>En r\u00e9f\u00e9rence au \u00a7 5 al. 3 MarkenG, M. Johannes Karl (associ\u00e9 de la<br \/>\nTIME for kids Informationstechnologien GmbH) revendique la protection du titre pour<br \/>\n\u00ab\u00a0<em>Internet \u00e9ducatif<\/em>\u00ab\u00a0, \u00ab\u00a0<em>Internet \u00e9ducatif avec filtre Internet<\/em>\u00ab\u00a0, \u00ab\u00a0<em>Internet \u00e9ducatif avec filtre Internet int\u00e9gr\u00e9<\/em>\u00ab\u00a0, \u00ab\u00a0<em>Internet \u00e9ducatif avec protection de la jeunesse<\/em>\u00ab\u00a0, \u00ab\u00a0<em>Internet \u00e9ducatif avec protection int\u00e9gr\u00e9e de la jeunesse<\/em>\u00ab\u00a0, \u00ab\u00a0<em>Internet \u00e9ducatif avec filtre de protection des mineurs<\/em>\u00ab\u00a0, \u00ab\u00a0<em>Internet \u00e9ducatif avec filtre de protection des mineurs int\u00e9gr\u00e9<\/em>\u00ab\u00a0, \u00ab\u00a0<em>Internet \u00e9ducatif avec programme de protection de la jeunesse<\/em>\u00ab\u00a0, \u00ab\u00a0<em>Internet \u00e9ducatif avec programme de protection de la jeunesse int\u00e9gr\u00e9<\/em>\u00ab\u00a0, \u00ab\u00a0<em>Promoteurs de l&rsquo;\u00e9ducation dans le Bade-Wurtemberg<\/em>\u00ab\u00a0, \u00ab\u00a0<em>Promoteurs de l&rsquo;\u00e9ducation en Bavi\u00e8re<\/em>\u00ab\u00a0, \u00ab\u00a0<em>Promoteurs de l&rsquo;\u00e9ducation \u00e0 Berlin<\/em>\u00ab\u00a0, \u00ab\u00a0<em>Promoteurs de l&rsquo;\u00e9ducation dans le Brandebourg<\/em>\u00ab\u00a0, \u00ab\u00a0<em>Promoteur de l&rsquo;\u00e9ducation \u00e0 Br\u00eame<\/em>\u00ab\u00a0, \u00ab\u00a0<em>Promoteur de l&rsquo;\u00e9ducation \u00e0 Hambourg<\/em>\u00ab\u00a0, \u00ab\u00a0<em>Promoteurs de l&rsquo;\u00e9ducation en Hesse<\/em>\u00ab\u00a0, \u00ab\u00a0<em>Promoteurs de l&rsquo;\u00e9ducation en Mecklembourg-Pom\u00e9ranie occidentale<\/em>\u00ab\u00a0, \u00ab\u00a0<em>Promoteur de l&rsquo;\u00e9ducation en Basse-Saxe<\/em>\u00ab\u00a0, \u00ab\u00a0<em>Promoteurs de l&rsquo;\u00e9ducation en Rh\u00e9nanie du Nord-Westphalie<\/em>\u00ab\u00a0, \u00ab\u00a0<em>Promoteurs de l&rsquo;\u00e9ducation en Rh\u00e9nanie-Palatinat<\/em>\u00ab\u00a0, \u00ab\u00a0<em>Promoteurs de l&rsquo;\u00e9ducation en Sarre<\/em>\u00ab\u00a0, \u00ab\u00a0<em>Promoteurs de l&rsquo;\u00e9ducation en Saxe<\/em>\u00ab\u00a0, \u00ab\u00a0<em>Promoteur de l&rsquo;\u00e9ducation en Saxe-Anhalt<\/em>\u00ab\u00a0, \u00ab\u00a0<em>Promoteur de l&rsquo;\u00e9ducation en Schleswig-Holstein<\/em>\u00ab\u00a0, \u00ab\u00a0<em>Promoteur de l&rsquo;\u00e9ducation en Thuringe<\/em>\u00ab\u00a0, \u00ab\u00a0<em>Make the World Blue<\/em>\u00a0\u00bb et \u00ab\u00a0<em>Ameland-Gate<\/em>\u00ab\u00a0.<\/p>\n<p>Hormis les formes de repr\u00e9sentation particuli\u00e8rement mises en \u00e9vidence pour ce terme, Monsieur Karl prend la protection du titre dans toutes les formes d&rsquo;\u00e9criture, de repr\u00e9sentation, de modifications et de polices de caract\u00e8res pour tous les sites Internet, les applications Internet et les programmes Internet ainsi que les services, la radio, le cin\u00e9ma et pour toutes les formes d&rsquo;\u00e9criture, les associations de mots, les cr\u00e9ations graphiques, les formes de repr\u00e9sentation, les combinaisons de titres pour la litt\u00e9rature, les supports d&rsquo;images, de sons et de donn\u00e9es de toutes sortes, les m\u00e9dias imprim\u00e9s, les produits logiciels, les titres de films, la t\u00e9l\u00e9vision, la radio, les m\u00e9dias et r\u00e9seaux audiovisuels et num\u00e9riques, Internet, le merchandising, les produits imprim\u00e9s de tous types, les CD-ROM, les CD-I, les services hors ligne et en ligne, les autres m\u00e9dias, les concours, les congr\u00e8s et les manifestations, seuls et avec tous les ajouts \u00e9ventuels pour les titres par analogie, en tant que titres individuels ou de s\u00e9rie dans toutes les langues et les traductions par analogie.<\/p>\n<p>Si vous souhaitez utiliser un ou plusieurs des titres d&rsquo;\u0153uvres ci-dessus, veuillez nous contacter par e-mail \u00e0 l&rsquo;adresse suivante <strong><br \/>\n  <a title=\"contact(at)time-for-kids.de\">contact(at)time-for-kids.de<\/a><br \/>\n<\/strong> en nous indiquant le nom du titre de l&rsquo;\u0153uvre et le motif d&rsquo;utilisation correspondant.<\/p>\n<\/div><\/div><\/div><div class=\"fusion-layout-column fusion_builder_column fusion-builder-column-2 fusion_builder_column_1_3 1_3 fusion-flex-column fusion-flex-align-self-flex-start\" style=\"--awb-bg-size:cover;--awb-width-large:33.333333333333%;--awb-margin-top-large:0px;--awb-spacing-right-large:5.76%;--awb-margin-bottom-large:0px;--awb-spacing-left-large:5.76%;--awb-width-medium:100%;--awb-order-medium:0;--awb-spacing-right-medium:1.92%;--awb-spacing-left-medium:1.92%;--awb-width-small:100%;--awb-order-small:0;--awb-spacing-right-small:1.92%;--awb-spacing-left-small:1.92%;\" data-motion-effects=\"[{&quot;type&quot;:&quot;&quot;,&quot;scroll_type&quot;:&quot;transition&quot;,&quot;scroll_direction&quot;:&quot;up&quot;,&quot;transition_speed&quot;:&quot;1&quot;,&quot;fade_type&quot;:&quot;in&quot;,&quot;scale_type&quot;:&quot;up&quot;,&quot;initial_scale&quot;:&quot;1&quot;,&quot;max_scale&quot;:&quot;1.5&quot;,&quot;min_scale&quot;:&quot;0.5&quot;,&quot;initial_rotate&quot;:&quot;0&quot;,&quot;end_rotate&quot;:&quot;30&quot;,&quot;initial_blur&quot;:&quot;0&quot;,&quot;end_blur&quot;:&quot;3&quot;,&quot;start_element&quot;:&quot;top&quot;,&quot;start_viewport&quot;:&quot;bottom&quot;,&quot;end_element&quot;:&quot;bottom&quot;,&quot;end_viewport&quot;:&quot;top&quot;,&quot;mouse_effect&quot;:&quot;track&quot;,&quot;mouse_effect_direction&quot;:&quot;opposite&quot;,&quot;mouse_effect_speed&quot;:&quot;2&quot;,&quot;infinite_animation&quot;:&quot;float&quot;,&quot;infinite_animation_speed&quot;:&quot;2&quot;}]\" data-scroll-devices=\"small-visibility,medium-visibility,large-visibility\"><div class=\"fusion-column-wrapper fusion-column-has-shadow fusion-flex-justify-content-flex-start fusion-content-layout-column\"><div class=\"fusion-title title fusion-title-5 fusion-title-text fusion-title-size-four\" style=\"--awb-text-color:#758195;--awb-margin-left:20px;\"><div class=\"title-sep-container title-sep-container-left fusion-no-large-visibility fusion-no-medium-visibility fusion-no-small-visibility\"><div class=\"title-sep sep- sep-solid\" style=\"border-color:var(--awb-color3);\"><\/div><\/div><span class=\"awb-title-spacer fusion-no-large-visibility fusion-no-medium-visibility fusion-no-small-visibility\"><\/span><h4 class=\"fusion-title-heading title-heading-left\" style=\"margin:0;\">Inhaltsangabe<\/h4><span class=\"awb-title-spacer\"><\/span><div class=\"title-sep-container title-sep-container-right\"><div class=\"title-sep sep- sep-solid\" style=\"border-color:var(--awb-color3);\"><\/div><\/div><\/div>\n<ol class=\"lizenz_right_menu\">\n \t<ol>\n \t<li><a href=\"#Onlineangebotes\">Contenu de l'offre en ligne<\/a><\/li>\n \t<li><a href=\"#Verweise\">R\u00e9f\u00e9rences et liens<\/a><\/li>\n \t<li><a href=\"#Titelschutz\">Protection du titre<\/a><\/li>\n<\/ol>\n<\/div><\/div><\/div><\/div><\/p>\n","protected":false},"excerpt":{"rendered":"","protected":false},"author":1,"featured_media":0,"parent":0,"menu_order":0,"comment_status":"closed","ping_status":"closed","template":"100-width.php","meta":{"footnotes":""},"class_list":["post-4730","page","type-page","status-publish","hentry"],"_links":{"self":[{"href":"https:\/\/test.time-for-kids.de\/fr\/wp-json\/wp\/v2\/pages\/4730","targetHints":{"allow":["GET"]}}],"collection":[{"href":"https:\/\/test.time-for-kids.de\/fr\/wp-json\/wp\/v2\/pages"}],"about":[{"href":"https:\/\/test.time-for-kids.de\/fr\/wp-json\/wp\/v2\/types\/page"}],"author":[{"embeddable":true,"href":"https:\/\/test.time-for-kids.de\/fr\/wp-json\/wp\/v2\/users\/1"}],"replies":[{"embeddable":true,"href":"https:\/\/test.time-for-kids.de\/fr\/wp-json\/wp\/v2\/comments?post=4730"}],"version-history":[{"count":2,"href":"https:\/\/test.time-for-kids.de\/fr\/wp-json\/wp\/v2\/pages\/4730\/revisions"}],"predecessor-version":[{"id":4747,"href":"https:\/\/test.time-for-kids.de\/fr\/wp-json\/wp\/v2\/pages\/4730\/revisions\/4747"}],"wp:attachment":[{"href":"https:\/\/test.time-for-kids.de\/fr\/wp-json\/wp\/v2\/media?parent=4730"}],"curies":[{"name":"wp","href":"https:\/\/api.w.org\/{rel}","templated":true}]}}