{"id":4107,"date":"2024-01-04T14:47:40","date_gmt":"2024-01-04T13:47:40","guid":{"rendered":"https:\/\/test.time-for-kids.de\/praca\/"},"modified":"2024-01-30T13:37:30","modified_gmt":"2024-01-30T12:37:30","slug":"praca","status":"publish","type":"page","link":"https:\/\/test.time-for-kids.de\/pl\/praca\/","title":{"rendered":"Praca"},"content":{"rendered":"<p><div class=\"fusion-fullwidth fullwidth-box fusion-builder-row-1 fusion-flex-container has-pattern-background has-mask-background nonhundred-percent-fullwidth non-hundred-percent-height-scrolling\" style=\"--awb-border-radius-top-left:0px;--awb-border-radius-top-right:0px;--awb-border-radius-bottom-right:0px;--awb-border-radius-bottom-left:0px;--awb-flex-wrap:wrap;\" ><div class=\"fusion-builder-row fusion-row fusion-flex-align-items-flex-start fusion-flex-content-wrap\" style=\"max-width:1248px;margin-left: calc(-4% \/ 2 );margin-right: calc(-4% \/ 2 );\"><div class=\"fusion-layout-column fusion_builder_column fusion-builder-column-0 fusion_builder_column_1_1 1_1 fusion-flex-column\" style=\"--awb-bg-size:cover;--awb-width-large:100%;--awb-margin-top-large:0px;--awb-spacing-right-large:1.92%;--awb-margin-bottom-large:0px;--awb-spacing-left-large:1.92%;--awb-width-medium:100%;--awb-order-medium:0;--awb-spacing-right-medium:1.92%;--awb-spacing-left-medium:1.92%;--awb-width-small:100%;--awb-order-small:0;--awb-spacing-right-small:1.92%;--awb-spacing-left-small:1.92%;\"><div class=\"fusion-column-wrapper fusion-column-has-shadow fusion-flex-justify-content-flex-start fusion-content-layout-column\"><div class=\"fusion-title title fusion-title-1 fusion-title-text fusion-title-size-two\"><div class=\"title-sep-container title-sep-container-left fusion-no-large-visibility fusion-no-medium-visibility fusion-no-small-visibility\"><div class=\"title-sep sep- sep-solid\" style=\"border-color:var(--awb-color3);\"><\/div><\/div><span class=\"awb-title-spacer fusion-no-large-visibility fusion-no-medium-visibility fusion-no-small-visibility\"><\/span><h2 class=\"fusion-title-heading title-heading-left\" style=\"margin:0;\">Praca<span style=\"color: var(--awb-color4);\">.<\/span><\/h2><span class=\"awb-title-spacer\"><\/span><div class=\"title-sep-container title-sep-container-right\"><div class=\"title-sep sep- sep-solid\" style=\"border-color:var(--awb-color3);\"><\/div><\/div><\/div><div class=\"fusion-separator\" style=\"align-self: flex-start;margin-right:auto;margin-bottom:40px;width:100%;max-width:100px;\"><div class=\"fusion-separator-border sep-single sep-solid\" style=\"--awb-height:20px;--awb-amount:20px;--awb-sep-color:var(--awb-color4);border-color:var(--awb-color4);border-top-width:4px;\"><\/div><\/div><\/div><\/div><div class=\"fusion-layout-column fusion_builder_column fusion-builder-column-1 fusion_builder_column_1_2 1_2 fusion-flex-column\" style=\"--awb-bg-size:cover;--awb-width-large:50%;--awb-margin-top-large:0px;--awb-spacing-right-large:3.84%;--awb-margin-bottom-large:0px;--awb-spacing-left-large:3.84%;--awb-width-medium:100%;--awb-order-medium:0;--awb-spacing-right-medium:1.92%;--awb-spacing-left-medium:1.92%;--awb-width-small:100%;--awb-order-small:0;--awb-spacing-right-small:1.92%;--awb-spacing-left-small:1.92%;\"><div class=\"fusion-column-wrapper fusion-column-has-shadow fusion-flex-justify-content-flex-start fusion-content-layout-column\"><div class=\"fusion-text fusion-text-1\"><p>TIME for kids Informationstechnologien GmbH, za\u0142o\u017cona w 2001 roku, doradza instytucjom edukacyjnym w zakresie wyposa\u017cenia szk\u00f3\u0142 w infrastruktur\u0119 IT, cyfrowe systemy zarz\u0105dzania nauczaniem, tre\u015bci edukacyjne i oprogramowanie. Router School Router Plus ze zintegrowanym antywirusem i filtrem szkolnym jest standardem w zakresie bezpiecze\u0144stwa sieci, edukacyjnego Internetu i oczywi\u015bcie ochrony dzieci i m\u0142odzie\u017cy w Internecie dla szk\u00f3\u0142 w krajach niemieckoj\u0119zycznych.<\/p>\n<\/div><\/div><\/div><div class=\"fusion-layout-column fusion_builder_column fusion-builder-column-2 fusion_builder_column_1_2 1_2 fusion-flex-column\" style=\"--awb-bg-size:cover;--awb-width-large:50%;--awb-margin-top-large:0px;--awb-spacing-right-large:3.84%;--awb-margin-bottom-large:0px;--awb-spacing-left-large:3.84%;--awb-width-medium:100%;--awb-order-medium:0;--awb-spacing-right-medium:1.92%;--awb-spacing-left-medium:1.92%;--awb-width-small:100%;--awb-order-small:0;--awb-spacing-right-small:1.92%;--awb-spacing-left-small:1.92%;\"><div class=\"fusion-column-wrapper fusion-column-has-shadow fusion-flex-justify-content-flex-start fusion-content-layout-column\"><div class=\"fusion-text fusion-text-2\"><p>TIME for kids Informationstechnologien GmbH, za\u0142o\u017cona w 2001 roku, doradza instytucjom edukacyjnym w zakresie wyposa\u017cenia szk\u00f3\u0142 w infrastruktur\u0119 IT, cyfrowe systemy zarz\u0105dzania nauczaniem, tre\u015bci edukacyjne i oprogramowanie. Router School Router Plus ze zintegrowanym antywirusem i filtrem szkolnym jest standardem w zakresie bezpiecze\u0144stwa sieci, edukacyjnego Internetu i oczywi\u015bcie ochrony dzieci i m\u0142odzie\u017cy w Internecie dla szk\u00f3\u0142 w krajach niemieckoj\u0119zycznych.<\/p>\n<\/div><\/div><\/div><\/div><\/div><div class=\"fusion-fullwidth fullwidth-box fusion-builder-row-2 fusion-flex-container has-pattern-background has-mask-background nonhundred-percent-fullwidth non-hundred-percent-height-scrolling\" style=\"--awb-border-radius-top-left:0px;--awb-border-radius-top-right:0px;--awb-border-radius-bottom-right:0px;--awb-border-radius-bottom-left:0px;--awb-padding-top:50px;--awb-flex-wrap:wrap;\" ><div class=\"fusion-builder-row fusion-row fusion-flex-align-items-flex-start fusion-flex-content-wrap\" style=\"max-width:1248px;margin-left: calc(-4% \/ 2 );margin-right: calc(-4% \/ 2 );\"><div class=\"fusion-layout-column fusion_builder_column fusion-builder-column-3 fusion_builder_column_1_1 1_1 fusion-flex-column\" style=\"--awb-bg-size:cover;--awb-width-large:100%;--awb-margin-top-large:0px;--awb-spacing-right-large:1.92%;--awb-margin-bottom-large:0px;--awb-spacing-left-large:1.92%;--awb-width-medium:100%;--awb-order-medium:0;--awb-spacing-right-medium:1.92%;--awb-spacing-left-medium:1.92%;--awb-width-small:100%;--awb-order-small:0;--awb-spacing-right-small:1.92%;--awb-spacing-left-small:1.92%;\"><div class=\"fusion-column-wrapper fusion-column-has-shadow fusion-flex-justify-content-flex-start fusion-content-layout-column\"><div class=\"fusion-text fusion-text-3\"><div class=\"job_listings\" data-location=\"\" data-keywords=\"\" data-show_filters=\"true\" data-show_pagination=\"false\" data-per_page=\"15\" data-orderby=\"featured\" data-order=\"DESC\" data-categories=\"\" data-disable-form-state-storage=\"\" data-post_id=\"4107\" >\n<form class=\"job_filters\">\n\t\n\t<div class=\"search_jobs\">\n\t\t\n\t\t<div class=\"search_keywords\">\n\t\t\t<label for=\"search_keywords\">S\u0142owa kluczowe<\/label>\n\t\t\t<input type=\"text\" name=\"search_keywords\" id=\"search_keywords\" placeholder=\"S\u0142owa kluczowe\" value=\"\" \/>\n\t\t<\/div>\n\n\t\t<div class=\"search_location\">\n\t\t\t<label for=\"search_location\">Lokalizacja<\/label>\n\t\t\t<input type=\"text\" name=\"search_location\" id=\"search_location\" placeholder=\"Lokalizacja\" value=\"\" \/>\n\t\t<\/div>\n\n\t\t\t\t\t<div class=\"search_remote_position\">\n\t\t\t\t<input type=\"checkbox\" class=\"input-checkbox\" name=\"remote_position\" id=\"remote_position\" placeholder=\"Lokalizacja\" value=\"1\"  \/>\n\t\t\t\t<label for=\"remote_position\" id=\"remote_position_label\">Tylko praca zdalna<\/label>\n\t\t\t<\/div>\n\t\t\n\t\t<div style=\"clear: both\"><\/div>\n\n\t\t\n\t\t\t\t\t<div class=\"search_submit\">\n\t\t\t\t<input type=\"submit\" value=\"Szukanie ofert pracy\">\n\t\t\t<\/div>\n\t\t\n\t\t\t<\/div>\n\n\t\t<ul class=\"job_types\">\n\t\t\t<\/ul>\n\t<input type=\"hidden\" name=\"filter_job_type[]\" value=\"\" \/>\n<div class=\"showing_jobs\"><\/div><\/form>\n\n\n<noscript>Twoja przegl\u0105darka nie obs\u0142uguje JavaScript lub zosta\u0142a ona w\u0142\u0105czona. JavaScript musi by\u0107 w\u0142\u0105czony aby wy\u015bwietla\u0107 og\u0142oszenia.<\/noscript>\n<ul class=\"job_listings\">\n<\/ul>\n<a class=\"load_more_jobs\" href=\"#\" style=\"display:none;\"><strong>Za\u0142aduj wi\u0119cej ofert<\/strong><\/a><\/div>\n<\/div><\/div><\/div><\/div><\/div><div class=\"fusion-fullwidth fullwidth-box fusion-builder-row-3 fusion-flex-container has-pattern-background has-mask-background job_bottom nonhundred-percent-fullwidth non-hundred-percent-height-scrolling\" style=\"--awb-border-radius-top-left:0px;--awb-border-radius-top-right:0px;--awb-border-radius-bottom-right:0px;--awb-border-radius-bottom-left:0px;--awb-padding-top:40px;--awb-padding-right:11%;--awb-padding-bottom:40px;--awb-padding-left:11%;--awb-margin-top:50px;--awb-background-color:var(--awb-color4);--awb-flex-wrap:wrap;\" ><div class=\"fusion-builder-row fusion-row fusion-flex-align-items-flex-start fusion-flex-content-wrap\" style=\"max-width:1248px;margin-left: calc(-4% \/ 2 );margin-right: calc(-4% \/ 2 );\"><div class=\"fusion-layout-column fusion_builder_column fusion-builder-column-4 fusion_builder_column_1_5 1_5 fusion-flex-column\" style=\"--awb-bg-size:cover;--awb-width-large:20%;--awb-margin-top-large:0px;--awb-spacing-right-large:9.6%;--awb-margin-bottom-large:0px;--awb-spacing-left-large:9.6%;--awb-width-medium:100%;--awb-order-medium:0;--awb-spacing-right-medium:1.92%;--awb-spacing-left-medium:1.92%;--awb-width-small:100%;--awb-order-small:0;--awb-spacing-right-small:1.92%;--awb-spacing-left-small:1.92%;\"><div class=\"fusion-column-wrapper fusion-column-has-shadow fusion-flex-justify-content-flex-start fusion-content-layout-column\"><div class=\"fusion-image-element \" style=\"--awb-caption-title-font-family:var(--h2_typography-font-family);--awb-caption-title-font-weight:var(--h2_typography-font-weight);--awb-caption-title-font-style:var(--h2_typography-font-style);--awb-caption-title-size:var(--h2_typography-font-size);--awb-caption-title-transform:var(--h2_typography-text-transform);--awb-caption-title-line-height:var(--h2_typography-line-height);--awb-caption-title-letter-spacing:var(--h2_typography-letter-spacing);\"><span class=\" fusion-imageframe imageframe-none imageframe-1 hover-type-none jobs_img\"><img decoding=\"async\" width=\"150\" height=\"150\" title=\"andreas-klett-150&#215;150\" src=\"data:image\/svg+xml,%3Csvg%20xmlns%3D%27http%3A%2F%2Fwww.w3.org%2F2000%2Fsvg%27%20width%3D%27150%27%20height%3D%27150%27%20viewBox%3D%270%200%20150%20150%27%3E%3Crect%20width%3D%27150%27%20height%3D%27150%27%20fill-opacity%3D%220%22%2F%3E%3C%2Fsvg%3E\" data-orig-src=\"http:\/\/test.time-for-kids.de\/wp-content\/uploads\/sites\/12\/2024\/01\/andreas-klett-150x150-1.jpg\" alt class=\"lazyload img-responsive wp-image-3823\"\/><\/span><\/div><\/div><\/div><div class=\"fusion-layout-column fusion_builder_column fusion-builder-column-5 fusion_builder_column_2_5 2_5 fusion-flex-column\" style=\"--awb-bg-size:cover;--awb-width-large:40%;--awb-margin-top-large:0px;--awb-spacing-right-large:4.8%;--awb-margin-bottom-large:0px;--awb-spacing-left-large:4.8%;--awb-width-medium:100%;--awb-order-medium:0;--awb-spacing-right-medium:1.92%;--awb-spacing-left-medium:1.92%;--awb-width-small:100%;--awb-order-small:0;--awb-spacing-right-small:1.92%;--awb-spacing-left-small:1.92%;\"><div class=\"fusion-column-wrapper fusion-column-has-shadow fusion-flex-justify-content-flex-start fusion-content-layout-column\"><div class=\"fusion-title title fusion-title-2 fusion-title-text fusion-title-size-three\" style=\"--awb-text-color:var(--awb-color3);--awb-font-size:30px;\"><div class=\"title-sep-container title-sep-container-left fusion-no-large-visibility fusion-no-medium-visibility fusion-no-small-visibility\"><div class=\"title-sep sep- sep-solid\" style=\"border-color:var(--awb-color3);\"><\/div><\/div><span class=\"awb-title-spacer fusion-no-large-visibility fusion-no-medium-visibility fusion-no-small-visibility\"><\/span><h3 class=\"fusion-title-heading title-heading-left\" style=\"font-family:&quot;Teko&quot;;font-style:normal;font-weight:600;margin:0;font-size:1em;letter-spacing:1px;\">Osoba do kontaktu<\/h3><span class=\"awb-title-spacer\"><\/span><div class=\"title-sep-container title-sep-container-right\"><div class=\"title-sep sep- sep-solid\" style=\"border-color:var(--awb-color3);\"><\/div><\/div><\/div><div class=\"fusion-text fusion-text-4\" style=\"--awb-text-color:var(--awb-color3);\"><p>Dzia\u0142 kadr<br \/>\n<strong>Andreas Klett<\/strong><\/p>\n<p>TIME for kids Informationstechnologien GmbH<br \/>\nGubener Str. 47<br \/>\n10243 Berlin<\/p>\n<\/div><\/div><\/div><div class=\"fusion-layout-column fusion_builder_column fusion-builder-column-6 fusion_builder_column_2_5 2_5 fusion-flex-column\" style=\"--awb-bg-size:cover;--awb-width-large:40%;--awb-margin-top-large:0px;--awb-spacing-right-large:4.8%;--awb-margin-bottom-large:0px;--awb-spacing-left-large:4.8%;--awb-width-medium:100%;--awb-order-medium:0;--awb-spacing-right-medium:1.92%;--awb-spacing-left-medium:1.92%;--awb-width-small:100%;--awb-order-small:0;--awb-spacing-right-small:1.92%;--awb-spacing-left-small:1.92%;\"><div class=\"fusion-column-wrapper fusion-column-has-shadow fusion-flex-justify-content-flex-start fusion-content-layout-column\"><div class=\"fusion-text fusion-text-5\" style=\"--awb-text-color:var(--awb-color3);\"><p>Prosimy o przes\u0142anie kompletnych dokument\u00f3w aplikacyjnych, w miar\u0119 mo\u017cliwo\u015bci w dokumencie PDF, oczekiwa\u0144 dotycz\u0105cych wynagrodzenia i najwcze\u015bniejszej mo\u017cliwej daty rozpocz\u0119cia pracy wy\u0142\u0105cznie poczt\u0105 elektroniczn\u0105 na adres: bewerbung(at)time-for-kids.de<\/p>\n<\/div><div style=\"text-align:left;\"><a class=\"fusion-button button-flat button-xlarge button-custom fusion-button-default button-1 fusion-button-default-span fusion-button-default-type\" style=\"--button_accent_color:var(--awb-color4);--button_accent_hover_color:var(--awb-color1);--button_border_hover_color:var(--awb-color1);--button_gradient_top_color:var(--awb-color3);--button_gradient_bottom_color:var(--awb-color3);--button_gradient_top_color_hover:var(--awb-color5);--button_gradient_bottom_color_hover:var(--awb-color5);\" target=\"_blank\" rel=\"noopener noreferrer\"><span class=\"fusion-button-text\">Aplikuj teraz<\/span><\/a><\/div><\/div><\/div><\/div><\/div><\/p>\n","protected":false},"excerpt":{"rendered":"","protected":false},"author":1,"featured_media":0,"parent":0,"menu_order":0,"comment_status":"closed","ping_status":"closed","template":"100-width.php","meta":{"footnotes":""},"class_list":["post-4107","page","type-page","status-publish","hentry"],"_links":{"self":[{"href":"https:\/\/test.time-for-kids.de\/pl\/wp-json\/wp\/v2\/pages\/4107","targetHints":{"allow":["GET"]}}],"collection":[{"href":"https:\/\/test.time-for-kids.de\/pl\/wp-json\/wp\/v2\/pages"}],"about":[{"href":"https:\/\/test.time-for-kids.de\/pl\/wp-json\/wp\/v2\/types\/page"}],"author":[{"embeddable":true,"href":"https:\/\/test.time-for-kids.de\/pl\/wp-json\/wp\/v2\/users\/1"}],"replies":[{"embeddable":true,"href":"https:\/\/test.time-for-kids.de\/pl\/wp-json\/wp\/v2\/comments?post=4107"}],"version-history":[{"count":3,"href":"https:\/\/test.time-for-kids.de\/pl\/wp-json\/wp\/v2\/pages\/4107\/revisions"}],"predecessor-version":[{"id":4136,"href":"https:\/\/test.time-for-kids.de\/pl\/wp-json\/wp\/v2\/pages\/4107\/revisions\/4136"}],"wp:attachment":[{"href":"https:\/\/test.time-for-kids.de\/pl\/wp-json\/wp\/v2\/media?parent=4107"}],"curies":[{"name":"wp","href":"https:\/\/api.w.org\/{rel}","templated":true}]}}